{"id":3149,"date":"2024-02-15T14:38:05","date_gmt":"2024-02-15T14:38:05","guid":{"rendered":"https:\/\/polindustrias.com\/dev\/?post_type=product&#038;p=3149"},"modified":"2024-05-07T22:09:10","modified_gmt":"2024-05-07T22:09:10","slug":"pt1084th032","status":"publish","type":"product","link":"https:\/\/polindustrias.com\/dev\/product\/pt1084th032\/","title":{"rendered":"PT1084TH032"},"content":{"rendered":"<p>Envase de PET de un gal\u00f3n, en un vibrante color amarillo, con tapa de rosca segura. Ideal para contener y almacenar una variedad de productos de limpieza, manteni\u00e9ndolos seguros y f\u00e1ciles de dispensar. Su dise\u00f1o duradero y pr\u00e1ctico lo convierte en una opci\u00f3n confiable para el hogar y el lugar de trabajo.<\/p>\n","protected":false},"excerpt":{"rendered":"<p>Descripci\u00f3n r\u00e1pida ipsum dolor sit amet.<\/p>\n","protected":false},"featured_media":2910,"template":"","meta":[],"product_brand":[],"product_cat":[48],"product_tag":[60,62,63,61],"class_list":{"0":"post-3149","1":"product","2":"type-product","3":"status-publish","4":"has-post-thumbnail","6":"product_cat-envases-de-plastico","7":"product_tag-amarillo","8":"product_tag-opaco","9":"product_tag-quimicos","10":"product_tag-tapa-30mm","12":"first","13":"instock","14":"shipping-taxable","15":"product-type-simple"},"_links":{"self":[{"href":"https:\/\/polindustrias.com\/dev\/wp-json\/wp\/v2\/product\/3149","targetHints":{"allow":["GET"]}}],"collection":[{"href":"https:\/\/polindustrias.com\/dev\/wp-json\/wp\/v2\/product"}],"about":[{"href":"https:\/\/polindustrias.com\/dev\/wp-json\/wp\/v2\/types\/product"}],"wp:featuredmedia":[{"embeddable":true,"href":"https:\/\/polindustrias.com\/dev\/wp-json\/wp\/v2\/media\/2910"}],"wp:attachment":[{"href":"https:\/\/polindustrias.com\/dev\/wp-json\/wp\/v2\/media?parent=3149"}],"wp:term":[{"taxonomy":"product_brand","embeddable":true,"href":"https:\/\/polindustrias.com\/dev\/wp-json\/wp\/v2\/product_brand?post=3149"},{"taxonomy":"product_cat","embeddable":true,"href":"https:\/\/polindustrias.com\/dev\/wp-json\/wp\/v2\/product_cat?post=3149"},{"taxonomy":"product_tag","embeddable":true,"href":"https:\/\/polindustrias.com\/dev\/wp-json\/wp\/v2\/product_tag?post=3149"}],"curies":[{"name":"wp","href":"https:\/\/api.w.org\/{rel}","templated":true}]}}